{"id":465,"date":"2023-06-07T14:31:22","date_gmt":"2023-06-07T12:31:22","guid":{"rendered":"https:\/\/freestomped.com\/?page_id=465"},"modified":"2024-11-27T01:16:06","modified_gmt":"2024-11-27T00:16:06","slug":"video-rookie-ii","status":"publish","type":"page","link":"https:\/\/freestomped.com\/index.php\/video-rookie-ii\/","title":{"rendered":"Video Rookie II"},"content":{"rendered":"\t\t<div data-elementor-type=\"wp-page\" data-elementor-id=\"465\" class=\"elementor elementor-465\" data-elementor-post-type=\"page\">\n\t\t\t\t\t\t<section class=\"elementor-section elementor-top-section elementor-element elementor-element-4abaef8 elementor-section-boxed elementor-section-height-default elementor-section-height-default\" data-id=\"4abaef8\" data-element_type=\"section\" data-e-type=\"section\">\n\t\t\t\t\t\t<div class=\"elementor-container elementor-column-gap-default\">\n\t\t\t\t\t<div class=\"elementor-column elementor-col-100 elementor-top-column elementor-element elementor-element-44bfb8c\" data-id=\"44bfb8c\" data-element_type=\"column\" data-e-type=\"column\">\n\t\t\t<div class=\"elementor-widget-wrap elementor-element-populated\">\n\t\t\t\t\t\t<div class=\"elementor-element elementor-element-dd2a9f2 elementor-widget elementor-widget-image\" data-id=\"dd2a9f2\" data-element_type=\"widget\" data-e-type=\"widget\" data-widget_type=\"image.default\">\n\t\t\t\t<div class=\"elementor-widget-container\">\n\t\t\t\t\t\t\t\t\t\t\t\t\t\t\t<img fetchpriority=\"high\" decoding=\"async\" width=\"768\" height=\"930\" src=\"https:\/\/freestomped.com\/wp-content\/uploads\/2023\/08\/IMG_5150-768x930.jpg\" class=\"attachment-medium_large size-medium_large wp-image-502\" alt=\"video rider\" srcset=\"https:\/\/freestomped.com\/wp-content\/uploads\/2023\/08\/IMG_5150-768x930.jpg 768w, https:\/\/freestomped.com\/wp-content\/uploads\/2023\/08\/IMG_5150-248x300.jpg 248w, https:\/\/freestomped.com\/wp-content\/uploads\/2023\/08\/IMG_5150-600x727.jpg 600w, https:\/\/freestomped.com\/wp-content\/uploads\/2023\/08\/IMG_5150.jpg 791w\" sizes=\"(max-width: 768px) 100vw, 768px\" \/>\t\t\t\t\t\t\t\t\t\t\t\t\t\t\t<\/div>\n\t\t\t\t<\/div>\n\t\t\t\t<div class=\"elementor-element elementor-element-2570f70 elementor-widget elementor-widget-text-editor\" data-id=\"2570f70\" data-element_type=\"widget\" data-e-type=\"widget\" data-widget_type=\"text-editor.default\">\n\t\t\t\t<div class=\"elementor-widget-container\">\n\t\t\t\t\t\t\t\t\t<p><\/p>\n<p><span style=\"color: #000000;\">Aqu\u00ed ten\u00e9is a los finalistas de la segunda edici\u00f3n del Video Rookie!<\/span><\/p>\n<p><span style=\"color: #000000;\"><\/span><\/p>\n<p><span style=\"color: #000000;\">Como en la primera edici\u00f3n, los ganadores del VR ser\u00e1n deliberados por un equipo de jueces, en el seleccionaran a los mejores riders de las categor\u00edas principales: esqu\u00ed femenino, esqu\u00ed masculino y snowboard (no hemos tenido mucha participaci\u00f3n snowboarder)<\/span><\/p>\n<p><span style=\"color: #000000;\"><\/span><\/p>\n<p><span style=\"color: #000000;\">Por lo que se referie a las menciones del VR, en esta edici\u00f3n sereis vosotros los encargados de elegir los ganadores! Nosotros os facilitaremos los 4 finalistas de cada menci\u00f3n y vosotros tendr\u00e9is que votar a vuestro favorito en las distintas menciones; best style, best trick, sender (el mas engorilado), young blood (el rider mas joven con mayor proyecci\u00f3n) y duke (el mejor rider con sponsor).<\/span><\/p>\n<p><span style=\"color: #000000;\"><\/span><\/p>\n<p><\/p>\t\t\t\t\t\t\t\t<\/div>\n\t\t\t\t<\/div>\n\t\t\t\t<div class=\"elementor-element elementor-element-82bcd1b elementor-widget elementor-widget-wp-widget-polls-widget\" data-id=\"82bcd1b\" data-element_type=\"widget\" data-e-type=\"widget\" data-widget_type=\"wp-widget-polls-widget.default\">\n\t\t\t\t<div class=\"elementor-widget-container\">\n\t\t\t\t\t<h5>Encuestas<\/h5><div id=\"polls-4\" class=\"wp-polls\">\n\t<form id=\"polls_form_4\" class=\"wp-polls-form\" action=\"\/index.php\" method=\"post\">\n\t\t<p style=\"display: none;\"><input type=\"hidden\" id=\"poll_4_nonce\" name=\"wp-polls-nonce\" value=\"d8a3ce87e2\" \/><\/p>\n\t\t<p style=\"display: none;\"><input type=\"hidden\" name=\"poll_id\" value=\"4\" \/><\/p>\n\t\t<p style=\"text-align: center;\"><strong>BEST STYLE<\/strong><\/p><div id=\"polls-4-ans\" class=\"wp-polls-ans\"><ul class=\"wp-polls-ul\">\n\t\t<li><input type=\"radio\" id=\"poll-answer-11\" name=\"poll_4\" value=\"11\" \/> <label for=\"poll-answer-11\">1<\/label><\/li>\n\t\t<li><input type=\"radio\" id=\"poll-answer-12\" name=\"poll_4\" value=\"12\" \/> <label for=\"poll-answer-12\">2<\/label><\/li>\n\t\t<li><input type=\"radio\" id=\"poll-answer-13\" name=\"poll_4\" value=\"13\" \/> <label for=\"poll-answer-13\">3<\/label><\/li>\n\t\t<li><input type=\"radio\" id=\"poll-answer-14\" name=\"poll_4\" value=\"14\" \/> <label for=\"poll-answer-14\">4<\/label><\/li>\n\t\t<\/ul><p style=\"text-align: center;\"><input type=\"button\" name=\"vote\" value=\"   Votar   \" class=\"Buttons\" onclick=\"poll_vote(4);\" \/><\/p><p style=\"text-align: center;\"><a href=\"#ViewPollResults\" onclick=\"poll_result(4); return false;\" title=\"Ver los resultados de esta encuesta\">Ver los resultados<\/a><\/p><\/div>\n\t<\/form>\n<\/div>\n<div id=\"polls-4-loading\" class=\"wp-polls-loading\"><img decoding=\"async\" src=\"https:\/\/freestomped.com\/wp-content\/plugins\/wp-polls\/images\/loading.gif\" width=\"16\" height=\"16\" alt=\"Cargando ...\" title=\"Cargando ...\" class=\"wp-polls-image\" \/>&nbsp;Cargando ...<\/div>\n\t\t\t\t<\/div>\n\t\t\t\t<\/div>\n\t\t\t\t<div class=\"elementor-element elementor-element-0361e22 elementor-widget elementor-widget-wp-widget-polls-widget\" data-id=\"0361e22\" data-element_type=\"widget\" data-e-type=\"widget\" data-widget_type=\"wp-widget-polls-widget.default\">\n\t\t\t\t<div class=\"elementor-widget-container\">\n\t\t\t\t\t<h5>Encuestas<\/h5><div id=\"polls-6\" class=\"wp-polls\">\n\t<form id=\"polls_form_6\" class=\"wp-polls-form\" action=\"\/index.php\" method=\"post\">\n\t\t<p style=\"display: none;\"><input type=\"hidden\" id=\"poll_6_nonce\" name=\"wp-polls-nonce\" value=\"ce381e55df\" \/><\/p>\n\t\t<p style=\"display: none;\"><input type=\"hidden\" name=\"poll_id\" value=\"6\" \/><\/p>\n\t\t<p style=\"text-align: center;\"><strong>BEST TRICK<\/strong><\/p><div id=\"polls-6-ans\" class=\"wp-polls-ans\"><ul class=\"wp-polls-ul\">\n\t\t<li><input type=\"radio\" id=\"poll-answer-21\" name=\"poll_6\" value=\"21\" \/> <label for=\"poll-answer-21\">1<\/label><\/li>\n\t\t<li><input type=\"radio\" id=\"poll-answer-22\" name=\"poll_6\" value=\"22\" \/> <label for=\"poll-answer-22\">2<\/label><\/li>\n\t\t<li><input type=\"radio\" id=\"poll-answer-23\" name=\"poll_6\" value=\"23\" \/> <label for=\"poll-answer-23\">3<\/label><\/li>\n\t\t<li><input type=\"radio\" id=\"poll-answer-24\" name=\"poll_6\" value=\"24\" \/> <label for=\"poll-answer-24\">4<\/label><\/li>\n\t\t<\/ul><p style=\"text-align: center;\"><input type=\"button\" name=\"vote\" value=\"   Votar   \" class=\"Buttons\" onclick=\"poll_vote(6);\" \/><\/p><p style=\"text-align: center;\"><a href=\"#ViewPollResults\" onclick=\"poll_result(6); return false;\" title=\"Ver los resultados de esta encuesta\">Ver los resultados<\/a><\/p><\/div>\n\t<\/form>\n<\/div>\n<div id=\"polls-6-loading\" class=\"wp-polls-loading\"><img decoding=\"async\" src=\"https:\/\/freestomped.com\/wp-content\/plugins\/wp-polls\/images\/loading.gif\" width=\"16\" height=\"16\" alt=\"Cargando ...\" title=\"Cargando ...\" class=\"wp-polls-image\" \/>&nbsp;Cargando ...<\/div>\n\t\t\t\t<\/div>\n\t\t\t\t<\/div>\n\t\t\t\t<div class=\"elementor-element elementor-element-465919b elementor-widget elementor-widget-wp-widget-polls-widget\" data-id=\"465919b\" data-element_type=\"widget\" data-e-type=\"widget\" data-widget_type=\"wp-widget-polls-widget.default\">\n\t\t\t\t<div class=\"elementor-widget-container\">\n\t\t\t\t\t<h5>Encuestas<\/h5><div id=\"polls-7\" class=\"wp-polls\">\n\t<form id=\"polls_form_7\" class=\"wp-polls-form\" action=\"\/index.php\" method=\"post\">\n\t\t<p style=\"display: none;\"><input type=\"hidden\" id=\"poll_7_nonce\" name=\"wp-polls-nonce\" value=\"7453127c6b\" \/><\/p>\n\t\t<p style=\"display: none;\"><input type=\"hidden\" name=\"poll_id\" value=\"7\" \/><\/p>\n\t\t<p style=\"text-align: center;\"><strong>YOUNG BLOOD<\/strong><\/p><div id=\"polls-7-ans\" class=\"wp-polls-ans\"><ul class=\"wp-polls-ul\">\n\t\t<li><input type=\"radio\" id=\"poll-answer-26\" name=\"poll_7\" value=\"26\" \/> <label for=\"poll-answer-26\">1<\/label><\/li>\n\t\t<li><input type=\"radio\" id=\"poll-answer-27\" name=\"poll_7\" value=\"27\" \/> <label for=\"poll-answer-27\">2<\/label><\/li>\n\t\t<li><input type=\"radio\" id=\"poll-answer-28\" name=\"poll_7\" value=\"28\" \/> <label for=\"poll-answer-28\">3<\/label><\/li>\n\t\t<li><input type=\"radio\" id=\"poll-answer-29\" name=\"poll_7\" value=\"29\" \/> <label for=\"poll-answer-29\">4<\/label><\/li>\n\t\t<\/ul><p style=\"text-align: center;\"><input type=\"button\" name=\"vote\" value=\"   Votar   \" class=\"Buttons\" onclick=\"poll_vote(7);\" \/><\/p><p style=\"text-align: center;\"><a href=\"#ViewPollResults\" onclick=\"poll_result(7); return false;\" title=\"Ver los resultados de esta encuesta\">Ver los resultados<\/a><\/p><\/div>\n\t<\/form>\n<\/div>\n<div id=\"polls-7-loading\" class=\"wp-polls-loading\"><img decoding=\"async\" src=\"https:\/\/freestomped.com\/wp-content\/plugins\/wp-polls\/images\/loading.gif\" width=\"16\" height=\"16\" alt=\"Cargando ...\" title=\"Cargando ...\" class=\"wp-polls-image\" \/>&nbsp;Cargando ...<\/div>\n\t\t\t\t<\/div>\n\t\t\t\t<\/div>\n\t\t\t\t<div class=\"elementor-element elementor-element-6cb6247 elementor-widget elementor-widget-wp-widget-polls-widget\" data-id=\"6cb6247\" data-element_type=\"widget\" data-e-type=\"widget\" data-widget_type=\"wp-widget-polls-widget.default\">\n\t\t\t\t<div class=\"elementor-widget-container\">\n\t\t\t\t\t<h5>Encuestas<\/h5><div id=\"polls-8\" class=\"wp-polls\">\n\t<form id=\"polls_form_8\" class=\"wp-polls-form\" action=\"\/index.php\" method=\"post\">\n\t\t<p style=\"display: none;\"><input type=\"hidden\" id=\"poll_8_nonce\" name=\"wp-polls-nonce\" value=\"a77b60d38e\" \/><\/p>\n\t\t<p style=\"display: none;\"><input type=\"hidden\" name=\"poll_id\" value=\"8\" \/><\/p>\n\t\t<p style=\"text-align: center;\"><strong>DUKE<\/strong><\/p><div id=\"polls-8-ans\" class=\"wp-polls-ans\"><ul class=\"wp-polls-ul\">\n\t\t<li><input type=\"radio\" id=\"poll-answer-31\" name=\"poll_8\" value=\"31\" \/> <label for=\"poll-answer-31\">1<\/label><\/li>\n\t\t<li><input type=\"radio\" id=\"poll-answer-32\" name=\"poll_8\" value=\"32\" \/> <label for=\"poll-answer-32\">2<\/label><\/li>\n\t\t<li><input type=\"radio\" id=\"poll-answer-33\" name=\"poll_8\" value=\"33\" \/> <label for=\"poll-answer-33\">3<\/label><\/li>\n\t\t<li><input type=\"radio\" id=\"poll-answer-34\" name=\"poll_8\" value=\"34\" \/> <label for=\"poll-answer-34\">4<\/label><\/li>\n\t\t<\/ul><p style=\"text-align: center;\"><input type=\"button\" name=\"vote\" value=\"   Votar   \" class=\"Buttons\" onclick=\"poll_vote(8);\" \/><\/p><p style=\"text-align: center;\"><a href=\"#ViewPollResults\" onclick=\"poll_result(8); return false;\" title=\"Ver los resultados de esta encuesta\">Ver los resultados<\/a><\/p><\/div>\n\t<\/form>\n<\/div>\n<div id=\"polls-8-loading\" class=\"wp-polls-loading\"><img decoding=\"async\" src=\"https:\/\/freestomped.com\/wp-content\/plugins\/wp-polls\/images\/loading.gif\" width=\"16\" height=\"16\" alt=\"Cargando ...\" title=\"Cargando ...\" class=\"wp-polls-image\" \/>&nbsp;Cargando ...<\/div>\n\t\t\t\t<\/div>\n\t\t\t\t<\/div>\n\t\t\t\t\t<\/div>\n\t\t<\/div>\n\t\t\t\t\t<\/div>\n\t\t<\/section>\n\t\t\t\t<\/div>\n\t\t","protected":false},"excerpt":{"rendered":"<p>Aqu\u00ed ten\u00e9is a los finalistas de la segunda edici\u00f3n del Video Rookie! Como en la primera edici\u00f3n, los ganadores del VR ser\u00e1n deliberados por un equipo de jueces, en el seleccionaran a los mejores riders de las categor\u00edas principales: esqu\u00ed femenino, esqu\u00ed masculino y snowboard (no hemos tenido mucha participaci\u00f3n snowboarder) Por lo que se&hellip;&nbsp;<a href=\"https:\/\/freestomped.com\/index.php\/video-rookie-ii\/\" rel=\"bookmark\">Leer m\u00e1s &raquo;<span class=\"screen-reader-text\">Video Rookie II<\/span><\/a><\/p>\n","protected":false},"author":1,"featured_media":0,"parent":0,"menu_order":0,"comment_status":"closed","ping_status":"closed","template":"","meta":{"neve_meta_sidebar":"","neve_meta_container":"","neve_meta_enable_content_width":"","neve_meta_content_width":0,"neve_meta_title_alignment":"","neve_meta_author_avatar":"","neve_post_elements_order":"","neve_meta_disable_header":"","neve_meta_disable_footer":"","neve_meta_disable_title":"","_joinchat":[],"footnotes":""},"class_list":["post-465","page","type-page","status-publish","hentry"],"yoast_head":"<!-- This site is optimized with the Yoast SEO plugin v26.8 - https:\/\/yoast.com\/product\/yoast-seo-wordpress\/ -->\n<title>Video Rookie II - los mejores riders en esqu\u00ed y snowboard<\/title>\n<meta name=\"description\" content=\"Descubre a los finalistas del Video Rookie: los mejores riders en esqu\u00ed y snowboard compiten en categor\u00edas como best trick, best style, y m\u00e1s.\" \/>\n<meta name=\"robots\" content=\"index, follow, max-snippet:-1, max-image-preview:large, max-video-preview:-1\" \/>\n<link rel=\"canonical\" href=\"https:\/\/freestomped.com\/index.php\/video-rookie-ii\/\" \/>\n<meta property=\"og:locale\" content=\"es_ES\" \/>\n<meta property=\"og:type\" content=\"article\" \/>\n<meta property=\"og:title\" content=\"Video Rookie II - los mejores riders en esqu\u00ed y snowboard\" \/>\n<meta property=\"og:description\" content=\"Descubre a los finalistas del Video Rookie: los mejores riders en esqu\u00ed y snowboard compiten en categor\u00edas como best trick, best style, y m\u00e1s.\" \/>\n<meta property=\"og:url\" content=\"https:\/\/freestomped.com\/index.php\/video-rookie-ii\/\" \/>\n<meta property=\"og:site_name\" content=\"freestomped.com\" \/>\n<meta property=\"article:modified_time\" content=\"2024-11-27T00:16:06+00:00\" \/>\n<meta property=\"og:image\" content=\"https:\/\/freestomped.com\/wp-content\/uploads\/2023\/08\/IMG_5150.jpg\" \/>\n\t<meta property=\"og:image:width\" content=\"791\" \/>\n\t<meta property=\"og:image:height\" content=\"958\" \/>\n\t<meta property=\"og:image:type\" content=\"image\/jpeg\" \/>\n<meta name=\"twitter:card\" content=\"summary_large_image\" \/>\n<meta name=\"twitter:title\" content=\"Video Rookie II - los mejores riders en esqu\u00ed y snowboard\" \/>\n<meta name=\"twitter:description\" content=\"Descubre a los finalistas del Video Rookie: los mejores riders en esqu\u00ed y snowboard compiten en categor\u00edas como best trick, best style, y m\u00e1s.\" \/>\n<meta name=\"twitter:image\" content=\"https:\/\/freestomped.com\/wp-content\/uploads\/2023\/08\/IMG_5150.jpg\" \/>\n<meta name=\"twitter:label1\" content=\"Tiempo de lectura\" \/>\n\t<meta name=\"twitter:data1\" content=\"1 minuto\" \/>\n<script type=\"application\/ld+json\" class=\"yoast-schema-graph\">{\"@context\":\"https:\/\/schema.org\",\"@graph\":[{\"@type\":\"WebPage\",\"@id\":\"https:\/\/freestomped.com\/index.php\/video-rookie-ii\/\",\"url\":\"https:\/\/freestomped.com\/index.php\/video-rookie-ii\/\",\"name\":\"Video Rookie II - los mejores riders en esqu\u00ed y snowboard\",\"isPartOf\":{\"@id\":\"https:\/\/freestomped.com\/#website\"},\"primaryImageOfPage\":{\"@id\":\"https:\/\/freestomped.com\/index.php\/video-rookie-ii\/#primaryimage\"},\"image\":{\"@id\":\"https:\/\/freestomped.com\/index.php\/video-rookie-ii\/#primaryimage\"},\"thumbnailUrl\":\"http:\/\/freestomped.com\/wp-content\/uploads\/2023\/08\/IMG_5150-768x930.jpg\",\"datePublished\":\"2023-06-07T12:31:22+00:00\",\"dateModified\":\"2024-11-27T00:16:06+00:00\",\"description\":\"Descubre a los finalistas del Video Rookie: los mejores riders en esqu\u00ed y snowboard compiten en categor\u00edas como best trick, best style, y m\u00e1s.\",\"breadcrumb\":{\"@id\":\"https:\/\/freestomped.com\/index.php\/video-rookie-ii\/#breadcrumb\"},\"inLanguage\":\"es\",\"potentialAction\":[{\"@type\":\"ReadAction\",\"target\":[\"https:\/\/freestomped.com\/index.php\/video-rookie-ii\/\"]}]},{\"@type\":\"ImageObject\",\"inLanguage\":\"es\",\"@id\":\"https:\/\/freestomped.com\/index.php\/video-rookie-ii\/#primaryimage\",\"url\":\"http:\/\/freestomped.com\/wp-content\/uploads\/2023\/08\/IMG_5150-768x930.jpg\",\"contentUrl\":\"http:\/\/freestomped.com\/wp-content\/uploads\/2023\/08\/IMG_5150-768x930.jpg\"},{\"@type\":\"BreadcrumbList\",\"@id\":\"https:\/\/freestomped.com\/index.php\/video-rookie-ii\/#breadcrumb\",\"itemListElement\":[{\"@type\":\"ListItem\",\"position\":1,\"name\":\"Portada\",\"item\":\"https:\/\/freestomped.com\/\"},{\"@type\":\"ListItem\",\"position\":2,\"name\":\"Video Rookie II\"}]},{\"@type\":\"WebSite\",\"@id\":\"https:\/\/freestomped.com\/#website\",\"url\":\"https:\/\/freestomped.com\/\",\"name\":\"Freestomped - Clases de Esqu\u00ed, Snowboard Baqueira, Valle de Aran, Barcelona, Pirineos\",\"description\":\"FREESTOMPED RIDE OR DIE\",\"publisher\":{\"@id\":\"https:\/\/freestomped.com\/#organization\"},\"potentialAction\":[{\"@type\":\"SearchAction\",\"target\":{\"@type\":\"EntryPoint\",\"urlTemplate\":\"https:\/\/freestomped.com\/?s={search_term_string}\"},\"query-input\":{\"@type\":\"PropertyValueSpecification\",\"valueRequired\":true,\"valueName\":\"search_term_string\"}}],\"inLanguage\":\"es\"},{\"@type\":\"Organization\",\"@id\":\"https:\/\/freestomped.com\/#organization\",\"name\":\"freestomped\",\"url\":\"https:\/\/freestomped.com\/\",\"logo\":{\"@type\":\"ImageObject\",\"inLanguage\":\"es\",\"@id\":\"https:\/\/freestomped.com\/#\/schema\/logo\/image\/\",\"url\":\"https:\/\/freestomped.com\/wp-content\/uploads\/2023\/06\/logo-vacio.png\",\"contentUrl\":\"https:\/\/freestomped.com\/wp-content\/uploads\/2023\/06\/logo-vacio.png\",\"width\":500,\"height\":500,\"caption\":\"freestomped\"},\"image\":{\"@id\":\"https:\/\/freestomped.com\/#\/schema\/logo\/image\/\"},\"sameAs\":[\"https:\/\/www.instagram.com\/freestomped\/\",\"https:\/\/www.youtube.com\/@freestomped\"]}]}<\/script>\n<!-- \/ Yoast SEO plugin. -->","yoast_head_json":{"title":"Video Rookie II - los mejores riders en esqu\u00ed y snowboard","description":"Descubre a los finalistas del Video Rookie: los mejores riders en esqu\u00ed y snowboard compiten en categor\u00edas como best trick, best style, y m\u00e1s.","robots":{"index":"index","follow":"follow","max-snippet":"max-snippet:-1","max-image-preview":"max-image-preview:large","max-video-preview":"max-video-preview:-1"},"canonical":"https:\/\/freestomped.com\/index.php\/video-rookie-ii\/","og_locale":"es_ES","og_type":"article","og_title":"Video Rookie II - los mejores riders en esqu\u00ed y snowboard","og_description":"Descubre a los finalistas del Video Rookie: los mejores riders en esqu\u00ed y snowboard compiten en categor\u00edas como best trick, best style, y m\u00e1s.","og_url":"https:\/\/freestomped.com\/index.php\/video-rookie-ii\/","og_site_name":"freestomped.com","article_modified_time":"2024-11-27T00:16:06+00:00","og_image":[{"width":791,"height":958,"url":"https:\/\/freestomped.com\/wp-content\/uploads\/2023\/08\/IMG_5150.jpg","type":"image\/jpeg"}],"twitter_card":"summary_large_image","twitter_title":"Video Rookie II - los mejores riders en esqu\u00ed y snowboard","twitter_description":"Descubre a los finalistas del Video Rookie: los mejores riders en esqu\u00ed y snowboard compiten en categor\u00edas como best trick, best style, y m\u00e1s.","twitter_image":"https:\/\/freestomped.com\/wp-content\/uploads\/2023\/08\/IMG_5150.jpg","twitter_misc":{"Tiempo de lectura":"1 minuto"},"schema":{"@context":"https:\/\/schema.org","@graph":[{"@type":"WebPage","@id":"https:\/\/freestomped.com\/index.php\/video-rookie-ii\/","url":"https:\/\/freestomped.com\/index.php\/video-rookie-ii\/","name":"Video Rookie II - los mejores riders en esqu\u00ed y snowboard","isPartOf":{"@id":"https:\/\/freestomped.com\/#website"},"primaryImageOfPage":{"@id":"https:\/\/freestomped.com\/index.php\/video-rookie-ii\/#primaryimage"},"image":{"@id":"https:\/\/freestomped.com\/index.php\/video-rookie-ii\/#primaryimage"},"thumbnailUrl":"http:\/\/freestomped.com\/wp-content\/uploads\/2023\/08\/IMG_5150-768x930.jpg","datePublished":"2023-06-07T12:31:22+00:00","dateModified":"2024-11-27T00:16:06+00:00","description":"Descubre a los finalistas del Video Rookie: los mejores riders en esqu\u00ed y snowboard compiten en categor\u00edas como best trick, best style, y m\u00e1s.","breadcrumb":{"@id":"https:\/\/freestomped.com\/index.php\/video-rookie-ii\/#breadcrumb"},"inLanguage":"es","potentialAction":[{"@type":"ReadAction","target":["https:\/\/freestomped.com\/index.php\/video-rookie-ii\/"]}]},{"@type":"ImageObject","inLanguage":"es","@id":"https:\/\/freestomped.com\/index.php\/video-rookie-ii\/#primaryimage","url":"http:\/\/freestomped.com\/wp-content\/uploads\/2023\/08\/IMG_5150-768x930.jpg","contentUrl":"http:\/\/freestomped.com\/wp-content\/uploads\/2023\/08\/IMG_5150-768x930.jpg"},{"@type":"BreadcrumbList","@id":"https:\/\/freestomped.com\/index.php\/video-rookie-ii\/#breadcrumb","itemListElement":[{"@type":"ListItem","position":1,"name":"Portada","item":"https:\/\/freestomped.com\/"},{"@type":"ListItem","position":2,"name":"Video Rookie II"}]},{"@type":"WebSite","@id":"https:\/\/freestomped.com\/#website","url":"https:\/\/freestomped.com\/","name":"Freestomped - Clases de Esqu\u00ed, Snowboard Baqueira, Valle de Aran, Barcelona, Pirineos","description":"FREESTOMPED RIDE OR DIE","publisher":{"@id":"https:\/\/freestomped.com\/#organization"},"potentialAction":[{"@type":"SearchAction","target":{"@type":"EntryPoint","urlTemplate":"https:\/\/freestomped.com\/?s={search_term_string}"},"query-input":{"@type":"PropertyValueSpecification","valueRequired":true,"valueName":"search_term_string"}}],"inLanguage":"es"},{"@type":"Organization","@id":"https:\/\/freestomped.com\/#organization","name":"freestomped","url":"https:\/\/freestomped.com\/","logo":{"@type":"ImageObject","inLanguage":"es","@id":"https:\/\/freestomped.com\/#\/schema\/logo\/image\/","url":"https:\/\/freestomped.com\/wp-content\/uploads\/2023\/06\/logo-vacio.png","contentUrl":"https:\/\/freestomped.com\/wp-content\/uploads\/2023\/06\/logo-vacio.png","width":500,"height":500,"caption":"freestomped"},"image":{"@id":"https:\/\/freestomped.com\/#\/schema\/logo\/image\/"},"sameAs":["https:\/\/www.instagram.com\/freestomped\/","https:\/\/www.youtube.com\/@freestomped"]}]}},"jetpack_sharing_enabled":true,"_links":{"self":[{"href":"https:\/\/freestomped.com\/index.php\/wp-json\/wp\/v2\/pages\/465","targetHints":{"allow":["GET"]}}],"collection":[{"href":"https:\/\/freestomped.com\/index.php\/wp-json\/wp\/v2\/pages"}],"about":[{"href":"https:\/\/freestomped.com\/index.php\/wp-json\/wp\/v2\/types\/page"}],"author":[{"embeddable":true,"href":"https:\/\/freestomped.com\/index.php\/wp-json\/wp\/v2\/users\/1"}],"replies":[{"embeddable":true,"href":"https:\/\/freestomped.com\/index.php\/wp-json\/wp\/v2\/comments?post=465"}],"version-history":[{"count":23,"href":"https:\/\/freestomped.com\/index.php\/wp-json\/wp\/v2\/pages\/465\/revisions"}],"predecessor-version":[{"id":512,"href":"https:\/\/freestomped.com\/index.php\/wp-json\/wp\/v2\/pages\/465\/revisions\/512"}],"wp:attachment":[{"href":"https:\/\/freestomped.com\/index.php\/wp-json\/wp\/v2\/media?parent=465"}],"curies":[{"name":"wp","href":"https:\/\/api.w.org\/{rel}","templated":true}]}}