{"id":61,"date":"2020-01-23T18:21:52","date_gmt":"2020-01-23T17:21:52","guid":{"rendered":"https:\/\/demosites.io\/web-agency-gb\/?page_id=61"},"modified":"2024-12-21T21:29:59","modified_gmt":"2024-12-21T20:29:59","slug":"sobre-freestomped","status":"publish","type":"page","link":"https:\/\/freestomped.com\/index.php\/sobre-freestomped\/","title":{"rendered":"SOBRE FREESTOMPED"},"content":{"rendered":"\n<div class=\"wp-block-cover alignfull\" style=\"min-height:300px;aspect-ratio:unset;\"><span aria-hidden=\"true\" class=\"wp-block-cover__background has-nv-site-bg-background-color has-background-dim-100 has-background-dim\"><\/span><div class=\"wp-block-cover__inner-container is-layout-flow wp-block-cover-is-layout-flow\">\n<div class=\"wp-block-group\"><div class=\"wp-block-group__inner-container is-layout-flow wp-block-group-is-layout-flow\">\n<h1 class=\"wp-block-heading has-text-align-left has-neve-text-color-color has-text-color\">Que es la FreeStomped?<\/h1>\n<\/div><\/div>\n<\/div><\/div>\n\n\n\n<div class=\"wp-block-cover alignfull\" style=\"min-height:600px;aspect-ratio:unset;\"><span aria-hidden=\"true\" class=\"wp-block-cover__background has-nv-light-bg-background-color has-background-dim-100 has-background-dim\"><\/span><div class=\"wp-block-cover__inner-container is-layout-flow wp-block-cover-is-layout-flow\">\n<div class=\"wp-block-group\"><div class=\"wp-block-group__inner-container is-layout-flow wp-block-group-is-layout-flow\">\n<div style=\"height:80px\" aria-hidden=\"true\" class=\"wp-block-spacer\"><\/div>\n\n\n\n<div class=\"wp-block-columns are-vertically-aligned-center has-neve-text-color-color has-text-color is-layout-flex wp-container-core-columns-is-layout-1 wp-block-columns-is-layout-flex\">\n<div class=\"wp-block-column is-vertically-aligned-center is-layout-flow wp-block-column-is-layout-flow\" style=\"flex-basis:50%\">\n<figure class=\"wp-block-image size-large\"><img fetchpriority=\"high\" decoding=\"async\" width=\"819\" height=\"1024\" src=\"https:\/\/freestomped.com\/wp-content\/uploads\/2023\/08\/58C87E43-250B-4CDE-90D4-3B96463EEE68-819x1024.jpg\" alt=\"\" class=\"wp-image-527\" srcset=\"https:\/\/freestomped.com\/wp-content\/uploads\/2023\/08\/58C87E43-250B-4CDE-90D4-3B96463EEE68-819x1024.jpg 819w, https:\/\/freestomped.com\/wp-content\/uploads\/2023\/08\/58C87E43-250B-4CDE-90D4-3B96463EEE68-240x300.jpg 240w, https:\/\/freestomped.com\/wp-content\/uploads\/2023\/08\/58C87E43-250B-4CDE-90D4-3B96463EEE68-768x960.jpg 768w, https:\/\/freestomped.com\/wp-content\/uploads\/2023\/08\/58C87E43-250B-4CDE-90D4-3B96463EEE68-1229x1536.jpg 1229w, https:\/\/freestomped.com\/wp-content\/uploads\/2023\/08\/58C87E43-250B-4CDE-90D4-3B96463EEE68-1638x2048.jpg 1638w, https:\/\/freestomped.com\/wp-content\/uploads\/2023\/08\/58C87E43-250B-4CDE-90D4-3B96463EEE68-1320x1650.jpg 1320w, https:\/\/freestomped.com\/wp-content\/uploads\/2023\/08\/58C87E43-250B-4CDE-90D4-3B96463EEE68-600x750.jpg 600w, https:\/\/freestomped.com\/wp-content\/uploads\/2023\/08\/58C87E43-250B-4CDE-90D4-3B96463EEE68-scaled.jpg 2048w\" sizes=\"(max-width: 819px) 100vw, 819px\" \/><\/figure>\n<\/div>\n\n\n\n<div class=\"wp-block-column is-vertically-aligned-center is-layout-flow wp-block-column-is-layout-flow\" style=\"flex-basis:50%\">\n<h2 class=\"wp-block-heading has-neve-text-color-color has-text-color\">Nuestra historia<\/h2>\n\n\n\n<p>Freestomped es una asociaci\u00f3n sin \u00e1nimo de lucro que tiene el objetivo de promover los deportes alternativos. Estamos afincados en el Valle de Ar\u00e1n, y muy presentes en la comunidad freestyle de nuestra localidad.<\/p>\n\n\n\n<p>Nuestra pasi\u00f3n son los deportes alternativos, tambi\u00e9n conocidos como de- portes de freestyle como son el skate, los rollers, bmx, esqu\u00ed de freestyle, snowboard. Este inter\u00e9s se remonta al estilo de vida que nos han dado estos deportes. Todos somos de lugares diferentes y de edades diferentes, pero el freestyle nos ha unido y ha creado un v\u00ednculo muy fuerte entre nosotros. Freestomped nace de la necesidad de compartir este v\u00ednculo con todo el mundo.<\/p>\n\n\n\n<p>Aunque tocamos muchos deportes libres, nos especializamos en el mundo de la nieve. Como asociaci\u00f3n oficial sin \u00e1nimo de lucro, queremos comenzar a promover el freestyle en forma de eventos.<\/p>\n<\/div>\n<\/div>\n\n\n\n<div style=\"height:40px\" aria-hidden=\"true\" class=\"wp-block-spacer\"><\/div>\n<\/div><\/div>\n<\/div><\/div>\n\n\n\n<div class=\"wp-block-cover alignfull\" style=\"min-height:600px;aspect-ratio:unset;\"><span aria-hidden=\"true\" class=\"wp-block-cover__background has-nv-dark-bg-background-color has-background-dim-100 has-background-dim\"><\/span><div class=\"wp-block-cover__inner-container is-layout-flow wp-block-cover-is-layout-flow\">\n<div class=\"wp-block-group\"><div class=\"wp-block-group__inner-container is-layout-flow wp-block-group-is-layout-flow\">\n<div style=\"height:80px\" aria-hidden=\"true\" class=\"wp-block-spacer\"><\/div>\n\n\n\n<div class=\"wp-block-columns are-vertically-aligned-center is-layout-flex wp-container-core-columns-is-layout-2 wp-block-columns-is-layout-flex\">\n<div class=\"wp-block-column is-vertically-aligned-center is-layout-flow wp-block-column-is-layout-flow\" style=\"flex-basis:50%\">\n<h2 class=\"wp-block-heading has-nv-text-dark-bg-color has-text-color\">Por riders,      Para riders.<\/h2>\n\n\n\n<p class=\"has-nv-text-dark-bg-color has-text-color\">Este es uno de los lemas que mas nos representa. Somos riders y lo hacemos para riders. Este es nuestro valor anadido ya que si notamos como riders que falta alguna cosa en nuestro entorno como riders (un evento, una instalacion, una competicion&#8230;) intentamos cubrir estas necesidades como asociacion o como crew, somos una espada de doble filo.<\/p>\n\n\n\n<p>Si compartes la misma pasi\u00f3n que nosotros, tienes alguna idea o ves que hay alguna carencia que podamos cubrir, si quieres colaborar con nosotros o simplemente necesitas ayuda o tienes alguna inc\u00f3gnita, no dudes en contactar con nosotros.<\/p>\n\n\n\n<div style=\"height:20px\" aria-hidden=\"true\" class=\"wp-block-spacer\"><\/div>\n\n\n\n<div class=\"wp-block-buttons is-layout-flex wp-block-buttons-is-layout-flex\">\n<div class=\"wp-block-button is-style-primary\"><a class=\"wp-block-button__link wp-element-button\" href=\"https:\/\/freestomped.com\/index.php\/nuestros-instructores-2\/\">Conoce a nuestros Instructores<\/a><\/div>\n<\/div>\n\n\n\n<div style=\"height:20px\" aria-hidden=\"true\" class=\"wp-block-spacer\"><\/div>\n<\/div>\n\n\n\n<div class=\"wp-block-column is-vertically-aligned-center is-layout-flow wp-block-column-is-layout-flow\" style=\"flex-basis:50%\">\n<figure class=\"wp-block-image size-large\"><img decoding=\"async\" width=\"819\" height=\"1024\" src=\"https:\/\/freestomped.com\/wp-content\/uploads\/2023\/08\/6A63ED08-7B5A-4515-9FD8-81DC1ACFD19D-819x1024.jpg\" alt=\"\" class=\"wp-image-528\" srcset=\"https:\/\/freestomped.com\/wp-content\/uploads\/2023\/08\/6A63ED08-7B5A-4515-9FD8-81DC1ACFD19D-819x1024.jpg 819w, https:\/\/freestomped.com\/wp-content\/uploads\/2023\/08\/6A63ED08-7B5A-4515-9FD8-81DC1ACFD19D-240x300.jpg 240w, https:\/\/freestomped.com\/wp-content\/uploads\/2023\/08\/6A63ED08-7B5A-4515-9FD8-81DC1ACFD19D-768x960.jpg 768w, https:\/\/freestomped.com\/wp-content\/uploads\/2023\/08\/6A63ED08-7B5A-4515-9FD8-81DC1ACFD19D-1229x1536.jpg 1229w, https:\/\/freestomped.com\/wp-content\/uploads\/2023\/08\/6A63ED08-7B5A-4515-9FD8-81DC1ACFD19D-1638x2048.jpg 1638w, https:\/\/freestomped.com\/wp-content\/uploads\/2023\/08\/6A63ED08-7B5A-4515-9FD8-81DC1ACFD19D-1320x1650.jpg 1320w, https:\/\/freestomped.com\/wp-content\/uploads\/2023\/08\/6A63ED08-7B5A-4515-9FD8-81DC1ACFD19D-600x750.jpg 600w, https:\/\/freestomped.com\/wp-content\/uploads\/2023\/08\/6A63ED08-7B5A-4515-9FD8-81DC1ACFD19D-scaled.jpg 2048w\" sizes=\"(max-width: 819px) 100vw, 819px\" \/><\/figure>\n<\/div>\n<\/div>\n\n\n\n<div style=\"height:40px\" aria-hidden=\"true\" class=\"wp-block-spacer\"><\/div>\n<\/div><\/div>\n<\/div><\/div>\n\n\n","protected":false},"excerpt":{"rendered":"","protected":false},"author":1,"featured_media":0,"parent":0,"menu_order":0,"comment_status":"closed","ping_status":"closed","template":"","meta":{"neve_meta_sidebar":"default","neve_meta_container":"default","neve_meta_enable_content_width":"on","neve_meta_content_width":100,"neve_meta_title_alignment":"","neve_meta_author_avatar":"","neve_post_elements_order":"","neve_meta_disable_header":"","neve_meta_disable_footer":"","neve_meta_disable_title":"on","_joinchat":[],"footnotes":""},"class_list":["post-61","page","type-page","status-publish","hentry"],"yoast_head":"<!-- This site is optimized with the Yoast SEO plugin v26.8 - https:\/\/yoast.com\/product\/yoast-seo-wordpress\/ -->\n<title>SOBRE FREESTOMPED - Clases de esqu\u00ed, snowboard freestyle<\/title>\n<meta name=\"description\" content=\"Freestomped, promueve deportes alternativos como el esqu\u00ed freestyle, snowboard, skate y m\u00e1s. \u00a1\u00danete a nuestra comunidad y vive el freestyle!\" \/>\n<meta name=\"robots\" content=\"index, follow, max-snippet:-1, max-image-preview:large, max-video-preview:-1\" \/>\n<link rel=\"canonical\" href=\"https:\/\/freestomped.com\/index.php\/sobre-freestomped\/\" \/>\n<meta property=\"og:locale\" content=\"es_ES\" \/>\n<meta property=\"og:type\" content=\"article\" \/>\n<meta property=\"og:title\" content=\"Sobre Freestomped - Clases de esqu\u00ed, snowboard freestyle\" \/>\n<meta property=\"og:description\" content=\"Descubre Freestomped, una asociaci\u00f3n sin \u00e1nimo de lucro en el Valle de Ar\u00e1n dedicada a promover deportes alternativos como el esqu\u00ed freestyle, snowboard, skate y m\u00e1s. \u00a1\u00danete a nuestra comunidad y vive el freestyle!\" \/>\n<meta property=\"og:url\" content=\"https:\/\/freestomped.com\/index.php\/sobre-freestomped\/\" \/>\n<meta property=\"og:site_name\" content=\"freestomped.com\" \/>\n<meta property=\"article:modified_time\" content=\"2024-12-21T20:29:59+00:00\" \/>\n<meta property=\"og:image\" content=\"http:\/\/freestomped.com\/wp-content\/uploads\/2023\/08\/58C87E43-250B-4CDE-90D4-3B96463EEE68-scaled.jpg\" \/>\n\t<meta property=\"og:image:width\" content=\"2048\" \/>\n\t<meta property=\"og:image:height\" content=\"2560\" \/>\n\t<meta property=\"og:image:type\" content=\"image\/jpeg\" \/>\n<meta name=\"twitter:card\" content=\"summary_large_image\" \/>\n<meta name=\"twitter:title\" content=\"Sobre Freestomped - Clases de esqu\u00ed, snowboard freestyle\" \/>\n<meta name=\"twitter:description\" content=\"Descubre Freestomped, una asociaci\u00f3n sin \u00e1nimo de lucro en el Valle de Ar\u00e1n dedicada a promover deportes alternativos como el esqu\u00ed freestyle, snowboard, skate y m\u00e1s. \u00a1\u00danete a nuestra comunidad y vive el freestyle!\" \/>\n<meta name=\"twitter:image\" content=\"https:\/\/freestomped.com\/wp-content\/uploads\/2023\/08\/58C87E43-250B-4CDE-90D4-3B96463EEE68-scaled.jpg\" \/>\n<meta name=\"twitter:label1\" content=\"Tiempo de lectura\" \/>\n\t<meta name=\"twitter:data1\" content=\"2 minutos\" \/>\n<script type=\"application\/ld+json\" class=\"yoast-schema-graph\">{\"@context\":\"https:\/\/schema.org\",\"@graph\":[{\"@type\":\"WebPage\",\"@id\":\"https:\/\/freestomped.com\/index.php\/sobre-freestomped\/\",\"url\":\"https:\/\/freestomped.com\/index.php\/sobre-freestomped\/\",\"name\":\"SOBRE FREESTOMPED - Clases de esqu\u00ed, snowboard freestyle\",\"isPartOf\":{\"@id\":\"https:\/\/freestomped.com\/#website\"},\"primaryImageOfPage\":{\"@id\":\"https:\/\/freestomped.com\/index.php\/sobre-freestomped\/#primaryimage\"},\"image\":{\"@id\":\"https:\/\/freestomped.com\/index.php\/sobre-freestomped\/#primaryimage\"},\"thumbnailUrl\":\"https:\/\/freestomped.com\/wp-content\/uploads\/2023\/08\/58C87E43-250B-4CDE-90D4-3B96463EEE68-819x1024.jpg\",\"datePublished\":\"2020-01-23T17:21:52+00:00\",\"dateModified\":\"2024-12-21T20:29:59+00:00\",\"description\":\"Freestomped, promueve deportes alternativos como el esqu\u00ed freestyle, snowboard, skate y m\u00e1s. \u00a1\u00danete a nuestra comunidad y vive el freestyle!\",\"breadcrumb\":{\"@id\":\"https:\/\/freestomped.com\/index.php\/sobre-freestomped\/#breadcrumb\"},\"inLanguage\":\"es\",\"potentialAction\":[{\"@type\":\"ReadAction\",\"target\":[\"https:\/\/freestomped.com\/index.php\/sobre-freestomped\/\"]}]},{\"@type\":\"ImageObject\",\"inLanguage\":\"es\",\"@id\":\"https:\/\/freestomped.com\/index.php\/sobre-freestomped\/#primaryimage\",\"url\":\"https:\/\/freestomped.com\/wp-content\/uploads\/2023\/08\/58C87E43-250B-4CDE-90D4-3B96463EEE68-scaled.jpg\",\"contentUrl\":\"https:\/\/freestomped.com\/wp-content\/uploads\/2023\/08\/58C87E43-250B-4CDE-90D4-3B96463EEE68-scaled.jpg\",\"width\":2048,\"height\":2560,\"caption\":\"Clases de esqu\u00ed, snowboard freestyle\"},{\"@type\":\"BreadcrumbList\",\"@id\":\"https:\/\/freestomped.com\/index.php\/sobre-freestomped\/#breadcrumb\",\"itemListElement\":[{\"@type\":\"ListItem\",\"position\":1,\"name\":\"Portada\",\"item\":\"https:\/\/freestomped.com\/\"},{\"@type\":\"ListItem\",\"position\":2,\"name\":\"SOBRE FREESTOMPED\"}]},{\"@type\":\"WebSite\",\"@id\":\"https:\/\/freestomped.com\/#website\",\"url\":\"https:\/\/freestomped.com\/\",\"name\":\"Freestomped - Clases de Esqu\u00ed, Snowboard Baqueira, Valle de Aran, Barcelona, Pirineos\",\"description\":\"FREESTOMPED RIDE OR DIE\",\"publisher\":{\"@id\":\"https:\/\/freestomped.com\/#organization\"},\"potentialAction\":[{\"@type\":\"SearchAction\",\"target\":{\"@type\":\"EntryPoint\",\"urlTemplate\":\"https:\/\/freestomped.com\/?s={search_term_string}\"},\"query-input\":{\"@type\":\"PropertyValueSpecification\",\"valueRequired\":true,\"valueName\":\"search_term_string\"}}],\"inLanguage\":\"es\"},{\"@type\":\"Organization\",\"@id\":\"https:\/\/freestomped.com\/#organization\",\"name\":\"freestomped\",\"url\":\"https:\/\/freestomped.com\/\",\"logo\":{\"@type\":\"ImageObject\",\"inLanguage\":\"es\",\"@id\":\"https:\/\/freestomped.com\/#\/schema\/logo\/image\/\",\"url\":\"https:\/\/freestomped.com\/wp-content\/uploads\/2023\/06\/logo-vacio.png\",\"contentUrl\":\"https:\/\/freestomped.com\/wp-content\/uploads\/2023\/06\/logo-vacio.png\",\"width\":500,\"height\":500,\"caption\":\"freestomped\"},\"image\":{\"@id\":\"https:\/\/freestomped.com\/#\/schema\/logo\/image\/\"},\"sameAs\":[\"https:\/\/www.instagram.com\/freestomped\/\",\"https:\/\/www.youtube.com\/@freestomped\"]}]}<\/script>\n<!-- \/ Yoast SEO plugin. -->","yoast_head_json":{"title":"SOBRE FREESTOMPED - Clases de esqu\u00ed, snowboard freestyle","description":"Freestomped, promueve deportes alternativos como el esqu\u00ed freestyle, snowboard, skate y m\u00e1s. \u00a1\u00danete a nuestra comunidad y vive el freestyle!","robots":{"index":"index","follow":"follow","max-snippet":"max-snippet:-1","max-image-preview":"max-image-preview:large","max-video-preview":"max-video-preview:-1"},"canonical":"https:\/\/freestomped.com\/index.php\/sobre-freestomped\/","og_locale":"es_ES","og_type":"article","og_title":"Sobre Freestomped - Clases de esqu\u00ed, snowboard freestyle","og_description":"Descubre Freestomped, una asociaci\u00f3n sin \u00e1nimo de lucro en el Valle de Ar\u00e1n dedicada a promover deportes alternativos como el esqu\u00ed freestyle, snowboard, skate y m\u00e1s. \u00a1\u00danete a nuestra comunidad y vive el freestyle!","og_url":"https:\/\/freestomped.com\/index.php\/sobre-freestomped\/","og_site_name":"freestomped.com","article_modified_time":"2024-12-21T20:29:59+00:00","og_image":[{"width":2048,"height":2560,"url":"http:\/\/freestomped.com\/wp-content\/uploads\/2023\/08\/58C87E43-250B-4CDE-90D4-3B96463EEE68-scaled.jpg","type":"image\/jpeg"}],"twitter_card":"summary_large_image","twitter_title":"Sobre Freestomped - Clases de esqu\u00ed, snowboard freestyle","twitter_description":"Descubre Freestomped, una asociaci\u00f3n sin \u00e1nimo de lucro en el Valle de Ar\u00e1n dedicada a promover deportes alternativos como el esqu\u00ed freestyle, snowboard, skate y m\u00e1s. \u00a1\u00danete a nuestra comunidad y vive el freestyle!","twitter_image":"https:\/\/freestomped.com\/wp-content\/uploads\/2023\/08\/58C87E43-250B-4CDE-90D4-3B96463EEE68-scaled.jpg","twitter_misc":{"Tiempo de lectura":"2 minutos"},"schema":{"@context":"https:\/\/schema.org","@graph":[{"@type":"WebPage","@id":"https:\/\/freestomped.com\/index.php\/sobre-freestomped\/","url":"https:\/\/freestomped.com\/index.php\/sobre-freestomped\/","name":"SOBRE FREESTOMPED - Clases de esqu\u00ed, snowboard freestyle","isPartOf":{"@id":"https:\/\/freestomped.com\/#website"},"primaryImageOfPage":{"@id":"https:\/\/freestomped.com\/index.php\/sobre-freestomped\/#primaryimage"},"image":{"@id":"https:\/\/freestomped.com\/index.php\/sobre-freestomped\/#primaryimage"},"thumbnailUrl":"https:\/\/freestomped.com\/wp-content\/uploads\/2023\/08\/58C87E43-250B-4CDE-90D4-3B96463EEE68-819x1024.jpg","datePublished":"2020-01-23T17:21:52+00:00","dateModified":"2024-12-21T20:29:59+00:00","description":"Freestomped, promueve deportes alternativos como el esqu\u00ed freestyle, snowboard, skate y m\u00e1s. \u00a1\u00danete a nuestra comunidad y vive el freestyle!","breadcrumb":{"@id":"https:\/\/freestomped.com\/index.php\/sobre-freestomped\/#breadcrumb"},"inLanguage":"es","potentialAction":[{"@type":"ReadAction","target":["https:\/\/freestomped.com\/index.php\/sobre-freestomped\/"]}]},{"@type":"ImageObject","inLanguage":"es","@id":"https:\/\/freestomped.com\/index.php\/sobre-freestomped\/#primaryimage","url":"https:\/\/freestomped.com\/wp-content\/uploads\/2023\/08\/58C87E43-250B-4CDE-90D4-3B96463EEE68-scaled.jpg","contentUrl":"https:\/\/freestomped.com\/wp-content\/uploads\/2023\/08\/58C87E43-250B-4CDE-90D4-3B96463EEE68-scaled.jpg","width":2048,"height":2560,"caption":"Clases de esqu\u00ed, snowboard freestyle"},{"@type":"BreadcrumbList","@id":"https:\/\/freestomped.com\/index.php\/sobre-freestomped\/#breadcrumb","itemListElement":[{"@type":"ListItem","position":1,"name":"Portada","item":"https:\/\/freestomped.com\/"},{"@type":"ListItem","position":2,"name":"SOBRE FREESTOMPED"}]},{"@type":"WebSite","@id":"https:\/\/freestomped.com\/#website","url":"https:\/\/freestomped.com\/","name":"Freestomped - Clases de Esqu\u00ed, Snowboard Baqueira, Valle de Aran, Barcelona, Pirineos","description":"FREESTOMPED RIDE OR DIE","publisher":{"@id":"https:\/\/freestomped.com\/#organization"},"potentialAction":[{"@type":"SearchAction","target":{"@type":"EntryPoint","urlTemplate":"https:\/\/freestomped.com\/?s={search_term_string}"},"query-input":{"@type":"PropertyValueSpecification","valueRequired":true,"valueName":"search_term_string"}}],"inLanguage":"es"},{"@type":"Organization","@id":"https:\/\/freestomped.com\/#organization","name":"freestomped","url":"https:\/\/freestomped.com\/","logo":{"@type":"ImageObject","inLanguage":"es","@id":"https:\/\/freestomped.com\/#\/schema\/logo\/image\/","url":"https:\/\/freestomped.com\/wp-content\/uploads\/2023\/06\/logo-vacio.png","contentUrl":"https:\/\/freestomped.com\/wp-content\/uploads\/2023\/06\/logo-vacio.png","width":500,"height":500,"caption":"freestomped"},"image":{"@id":"https:\/\/freestomped.com\/#\/schema\/logo\/image\/"},"sameAs":["https:\/\/www.instagram.com\/freestomped\/","https:\/\/www.youtube.com\/@freestomped"]}]}},"jetpack_sharing_enabled":true,"_links":{"self":[{"href":"https:\/\/freestomped.com\/index.php\/wp-json\/wp\/v2\/pages\/61","targetHints":{"allow":["GET"]}}],"collection":[{"href":"https:\/\/freestomped.com\/index.php\/wp-json\/wp\/v2\/pages"}],"about":[{"href":"https:\/\/freestomped.com\/index.php\/wp-json\/wp\/v2\/types\/page"}],"author":[{"embeddable":true,"href":"https:\/\/freestomped.com\/index.php\/wp-json\/wp\/v2\/users\/1"}],"replies":[{"embeddable":true,"href":"https:\/\/freestomped.com\/index.php\/wp-json\/wp\/v2\/comments?post=61"}],"version-history":[{"count":11,"href":"https:\/\/freestomped.com\/index.php\/wp-json\/wp\/v2\/pages\/61\/revisions"}],"predecessor-version":[{"id":1074,"href":"https:\/\/freestomped.com\/index.php\/wp-json\/wp\/v2\/pages\/61\/revisions\/1074"}],"wp:attachment":[{"href":"https:\/\/freestomped.com\/index.php\/wp-json\/wp\/v2\/media?parent=61"}],"curies":[{"name":"wp","href":"https:\/\/api.w.org\/{rel}","templated":true}]}}