{"id":873,"date":"2024-12-21T17:08:34","date_gmt":"2024-12-21T16:08:34","guid":{"rendered":"https:\/\/freestomped.com\/?page_id=873"},"modified":"2024-12-21T18:16:32","modified_gmt":"2024-12-21T17:16:32","slug":"clases-ski","status":"publish","type":"page","link":"https:\/\/freestomped.com\/index.php\/clases-ski\/","title":{"rendered":"Ski"},"content":{"rendered":"\t\t<div data-elementor-type=\"wp-page\" data-elementor-id=\"873\" class=\"elementor elementor-873\" data-elementor-post-type=\"page\">\n\t\t\t\t\t\t<section class=\"elementor-section elementor-top-section elementor-element elementor-element-2db8d34 elementor-section-boxed elementor-section-height-default elementor-section-height-default\" data-id=\"2db8d34\" data-element_type=\"section\" data-e-type=\"section\">\n\t\t\t\t\t\t<div class=\"elementor-container elementor-column-gap-default\">\n\t\t\t\t\t<div class=\"elementor-column elementor-col-100 elementor-top-column elementor-element elementor-element-5e69de6\" data-id=\"5e69de6\" data-element_type=\"column\" data-e-type=\"column\">\n\t\t\t<div class=\"elementor-widget-wrap elementor-element-populated\">\n\t\t\t\t\t\t<div class=\"elementor-element elementor-element-b4160da elementor-widget elementor-widget-template\" data-id=\"b4160da\" data-element_type=\"widget\" data-e-type=\"widget\" data-widget_type=\"template.default\">\n\t\t\t\t<div class=\"elementor-widget-container\">\n\t\t\t\t\t\t\t<div class=\"elementor-template\">\n\t\t\t\t\t<div data-elementor-type=\"single-post\" data-elementor-id=\"877\" class=\"elementor elementor-877\" data-elementor-post-type=\"elementor_library\">\n\t\t\t\t\t<section class=\"elementor-section elementor-top-section elementor-element elementor-element-121be46d elementor-section-content-middle elementor-section-boxed elementor-section-height-default elementor-section-height-default\" data-id=\"121be46d\" data-element_type=\"section\" data-e-type=\"section\">\n\t\t\t\t\t\t<div class=\"elementor-container elementor-column-gap-no\">\n\t\t\t\t\t<div class=\"elementor-column elementor-col-100 elementor-top-column elementor-element elementor-element-549ee6a\" data-id=\"549ee6a\" data-element_type=\"column\" data-e-type=\"column\">\n\t\t\t<div class=\"elementor-widget-wrap elementor-element-populated\">\n\t\t\t\t\t\t<div class=\"elementor-element elementor-element-56643970 elementor-widget elementor-widget-heading\" data-id=\"56643970\" data-element_type=\"widget\" data-e-type=\"widget\" data-widget_type=\"heading.default\">\n\t\t\t\t<div class=\"elementor-widget-container\">\n\t\t\t\t\t<h2 class=\"elementor-heading-title elementor-size-default\">Clases ski<\/h2>\t\t\t\t<\/div>\n\t\t\t\t<\/div>\n\t\t\t\t<div class=\"elementor-element elementor-element-683ca600 elementor-widget elementor-widget-image\" data-id=\"683ca600\" data-element_type=\"widget\" data-e-type=\"widget\" data-widget_type=\"image.default\">\n\t\t\t\t<div class=\"elementor-widget-container\">\n\t\t\t\t\t\t\t\t\t\t\t\t\t\t\t<img fetchpriority=\"high\" decoding=\"async\" width=\"500\" height=\"500\" src=\"https:\/\/freestomped.com\/wp-content\/uploads\/2024\/12\/FOTO2.png\" class=\"attachment-full size-full wp-image-875\" alt=\"\" srcset=\"https:\/\/freestomped.com\/wp-content\/uploads\/2024\/12\/FOTO2.png 500w, https:\/\/freestomped.com\/wp-content\/uploads\/2024\/12\/FOTO2-300x300.png 300w, https:\/\/freestomped.com\/wp-content\/uploads\/2024\/12\/FOTO2-150x150.png 150w, https:\/\/freestomped.com\/wp-content\/uploads\/2024\/12\/FOTO2-100x100.png 100w\" sizes=\"(max-width: 500px) 100vw, 500px\" \/>\t\t\t\t\t\t\t\t\t\t\t\t\t\t\t<\/div>\n\t\t\t\t<\/div>\n\t\t\t\t<div class=\"elementor-element elementor-element-489bdf77 elementor-widget elementor-widget-text-editor\" data-id=\"489bdf77\" data-element_type=\"widget\" data-e-type=\"widget\" data-widget_type=\"text-editor.default\">\n\t\t\t\t<div class=\"elementor-widget-container\">\n\t\t\t\t\t\t\t\t\t<p>Aprende a esquiar desde cero con nuestras clases adaptadas a todas las edades y necesidades, o lleva tu t\u00e9cnica al siguiente nivel con nuestras sesiones de perfeccionamiento y talleres de video correcci\u00f3n. \u00a1Disfruta, mejora y conquista las pistas con Freestomped<\/p>\t\t\t\t\t\t\t\t<\/div>\n\t\t\t\t<\/div>\n\t\t\t\t<section class=\"elementor-section elementor-inner-section elementor-element elementor-element-40d70526 elementor-section-boxed elementor-section-height-default elementor-section-height-default\" data-id=\"40d70526\" data-element_type=\"section\" data-e-type=\"section\">\n\t\t\t\t\t\t<div class=\"elementor-container elementor-column-gap-default\">\n\t\t\t\t\t<div class=\"elementor-column elementor-col-50 elementor-inner-column elementor-element elementor-element-4dbb00c8\" data-id=\"4dbb00c8\" data-element_type=\"column\" data-e-type=\"column\">\n\t\t\t<div class=\"elementor-widget-wrap elementor-element-populated\">\n\t\t\t\t\t\t<div class=\"elementor-element elementor-element-15c3483e elementor-widget elementor-widget-text-editor\" data-id=\"15c3483e\" data-element_type=\"widget\" data-e-type=\"widget\" data-widget_type=\"text-editor.default\">\n\t\t\t\t<div class=\"elementor-widget-container\">\n\t\t\t\t\t\t\t\t\t<p><span style=\"color: #7a7a7a; text-decoration-line: underline;\"><strong>-Clases iniciaci\u00f3n:<\/strong><\/span><br style=\"color: #7a7a7a;\" \/><span style=\"color: #7a7a7a;\">Seas adulto,ni\u00f1o o incluso tienes alguna discapacidad, Desde el conocimiento y la empat\u00eda somos capaces de adaptar las mejores t\u00e9cnicas y m\u00e9todos para ense\u00f1ar desde 0 a hacer snowboard, disfruta y divi\u00e9rtete aprendiendo con nosotros.<\/span><\/p>\t\t\t\t\t\t\t\t<\/div>\n\t\t\t\t<\/div>\n\t\t\t\t\t<\/div>\n\t\t<\/div>\n\t\t\t\t<div class=\"elementor-column elementor-col-50 elementor-inner-column elementor-element elementor-element-2f716867\" data-id=\"2f716867\" data-element_type=\"column\" data-e-type=\"column\">\n\t\t\t<div class=\"elementor-widget-wrap elementor-element-populated\">\n\t\t\t\t\t\t<div class=\"elementor-element elementor-element-30017c02 elementor-widget__width-initial elementor-widget elementor-widget-text-editor\" data-id=\"30017c02\" data-element_type=\"widget\" data-e-type=\"widget\" data-widget_type=\"text-editor.default\">\n\t\t\t\t<div class=\"elementor-widget-container\">\n\t\t\t\t\t\t\t\t\t<p><span style=\"color: #7a7a7a; text-decoration-line: underline;\"><strong>-Clases perfeccionamiento:<\/strong><\/span><br style=\"color: #7a7a7a;\" \/><span style=\"color: #7a7a7a; font-family: var( --e-global-typography-text-font-family ), Sans-serif; background-color: var(--nv-site-bg); letter-spacing: var(--bodyletterspacing); text-transform: var(--bodytexttransform);\">Buscas perfeccionar tu nivel?, con Freestomped perfeccionaremos tu t\u00e9cnica para que tengas un estilo incre\u00edble en las pistas, adaptaremos las metodolog\u00eda para ense\u00f1arte lo que realmente necesitas para mejorar.<\/span><\/p>\t\t\t\t\t\t\t\t<\/div>\n\t\t\t\t<\/div>\n\t\t\t\t\t<\/div>\n\t\t<\/div>\n\t\t\t\t\t<\/div>\n\t\t<\/section>\n\t\t\t\t<div class=\"elementor-element elementor-element-1fcdd455 elementor-widget elementor-widget-text-editor\" data-id=\"1fcdd455\" data-element_type=\"widget\" data-e-type=\"widget\" data-widget_type=\"text-editor.default\">\n\t\t\t\t<div class=\"elementor-widget-container\">\n\t\t\t\t\t\t\t\t\t<p><span style=\"font-size: 16px;\">Adem\u00e1s tambi\u00e9n ofrecemos talleres de video correcci\u00f3n para hacer las sesiones en pistas mucho m\u00e1s efectivas, podr\u00e1s verte y descubrir que tan bien lo haces y marcaremos nuevos objetivos para evolucionar.<\/span><\/p>\t\t\t\t\t\t\t\t<\/div>\n\t\t\t\t<\/div>\n\t\t\t\t<div class=\"elementor-element elementor-element-6a6748b4 elementor-cta--skin-cover elementor-animated-content elementor-bg-transform elementor-bg-transform-zoom-in elementor-widget elementor-widget-call-to-action\" data-id=\"6a6748b4\" data-element_type=\"widget\" data-e-type=\"widget\" data-widget_type=\"call-to-action.default\">\n\t\t\t\t<div class=\"elementor-widget-container\">\n\t\t\t\t\t\t\t<div class=\"elementor-cta\">\n\t\t\t\t\t<div class=\"elementor-cta__bg-wrapper\">\n\t\t\t\t<div class=\"elementor-cta__bg elementor-bg\" style=\"background-image: url(https:\/\/freestomped.com\/wp-content\/uploads\/2024\/12\/ENTRE-LAS-0900-Y-LAS-1700.png);\" role=\"img\" aria-label=\"ENTRE LAS 0900 Y LAS 1700\"><\/div>\n\t\t\t\t<div class=\"elementor-cta__bg-overlay\"><\/div>\n\t\t\t<\/div>\n\t\t\t\t\t\t\t<div class=\"elementor-cta__content\">\n\t\t\t\t\n\t\t\t\t\t\t\t\t\t<h2 class=\"elementor-cta__title elementor-cta__content-item elementor-content-item elementor-animated-item--grow\">\n\t\t\t\t\t\tReserva tu clase aqui\t\t\t\t\t<\/h2>\n\t\t\t\t\n\t\t\t\t\n\t\t\t\t\t\t\t\t\t<div class=\"elementor-cta__button-wrapper elementor-cta__content-item elementor-content-item elementor-animated-item--grow\">\n\t\t\t\t\t<a class=\"elementor-cta__button elementor-button elementor-size-\" href=\"https:\/\/freestomped.com\/index.php\/reserva-tu-clase\/\">\n\t\t\t\t\t\tHaz clic aqu\u00ed\t\t\t\t\t<\/a>\n\t\t\t\t\t<\/div>\n\t\t\t\t\t\t\t<\/div>\n\t\t\t\t\t\t<\/div>\n\t\t\t\t\t\t<\/div>\n\t\t\t\t<\/div>\n\t\t\t\t\t<\/div>\n\t\t<\/div>\n\t\t\t\t\t<\/div>\n\t\t<\/section>\n\t\t\t\t<\/div>\n\t\t\t\t<\/div>\n\t\t\t\t\t\t<\/div>\n\t\t\t\t<\/div>\n\t\t\t\t\t<\/div>\n\t\t<\/div>\n\t\t\t\t\t<\/div>\n\t\t<\/section>\n\t\t\t\t<\/div>\n\t\t","protected":false},"excerpt":{"rendered":"","protected":false},"author":1,"featured_media":0,"parent":0,"menu_order":0,"comment_status":"closed","ping_status":"closed","template":"page-templates\/template-pagebuilder-full-width.php","meta":{"neve_meta_sidebar":"","neve_meta_container":"","neve_meta_enable_content_width":"","neve_meta_content_width":0,"neve_meta_title_alignment":"","neve_meta_author_avatar":"","neve_post_elements_order":"","neve_meta_disable_header":"","neve_meta_disable_footer":"","neve_meta_disable_title":"","_joinchat":[],"footnotes":""},"class_list":["post-873","page","type-page","status-publish","hentry"],"yoast_head":"<!-- This site is optimized with the Yoast SEO plugin v26.8 - https:\/\/yoast.com\/product\/yoast-seo-wordpress\/ -->\n<title>Ski - freestomped.com<\/title>\n<meta name=\"robots\" content=\"index, follow, max-snippet:-1, max-image-preview:large, max-video-preview:-1\" \/>\n<link rel=\"canonical\" href=\"https:\/\/freestomped.com\/index.php\/clases-ski\/\" \/>\n<meta property=\"og:locale\" content=\"es_ES\" \/>\n<meta property=\"og:type\" content=\"article\" \/>\n<meta property=\"og:title\" content=\"Ski - freestomped.com\" \/>\n<meta property=\"og:url\" content=\"https:\/\/freestomped.com\/index.php\/clases-ski\/\" \/>\n<meta property=\"og:site_name\" content=\"freestomped.com\" \/>\n<meta property=\"article:modified_time\" content=\"2024-12-21T17:16:32+00:00\" \/>\n<meta name=\"twitter:card\" content=\"summary_large_image\" \/>\n<meta name=\"twitter:label1\" content=\"Tiempo de lectura\" \/>\n\t<meta name=\"twitter:data1\" content=\"2 minutos\" \/>\n<script type=\"application\/ld+json\" class=\"yoast-schema-graph\">{\"@context\":\"https:\/\/schema.org\",\"@graph\":[{\"@type\":\"WebPage\",\"@id\":\"https:\/\/freestomped.com\/index.php\/clases-ski\/\",\"url\":\"https:\/\/freestomped.com\/index.php\/clases-ski\/\",\"name\":\"Ski - freestomped.com\",\"isPartOf\":{\"@id\":\"https:\/\/freestomped.com\/#website\"},\"datePublished\":\"2024-12-21T16:08:34+00:00\",\"dateModified\":\"2024-12-21T17:16:32+00:00\",\"breadcrumb\":{\"@id\":\"https:\/\/freestomped.com\/index.php\/clases-ski\/#breadcrumb\"},\"inLanguage\":\"es\",\"potentialAction\":[{\"@type\":\"ReadAction\",\"target\":[\"https:\/\/freestomped.com\/index.php\/clases-ski\/\"]}]},{\"@type\":\"BreadcrumbList\",\"@id\":\"https:\/\/freestomped.com\/index.php\/clases-ski\/#breadcrumb\",\"itemListElement\":[{\"@type\":\"ListItem\",\"position\":1,\"name\":\"Portada\",\"item\":\"https:\/\/freestomped.com\/\"},{\"@type\":\"ListItem\",\"position\":2,\"name\":\"Ski\"}]},{\"@type\":\"WebSite\",\"@id\":\"https:\/\/freestomped.com\/#website\",\"url\":\"https:\/\/freestomped.com\/\",\"name\":\"Freestomped - Clases de Esqu\u00ed, Snowboard Baqueira, Valle de Aran, Barcelona, Pirineos\",\"description\":\"FREESTOMPED RIDE OR DIE\",\"publisher\":{\"@id\":\"https:\/\/freestomped.com\/#organization\"},\"potentialAction\":[{\"@type\":\"SearchAction\",\"target\":{\"@type\":\"EntryPoint\",\"urlTemplate\":\"https:\/\/freestomped.com\/?s={search_term_string}\"},\"query-input\":{\"@type\":\"PropertyValueSpecification\",\"valueRequired\":true,\"valueName\":\"search_term_string\"}}],\"inLanguage\":\"es\"},{\"@type\":\"Organization\",\"@id\":\"https:\/\/freestomped.com\/#organization\",\"name\":\"freestomped\",\"url\":\"https:\/\/freestomped.com\/\",\"logo\":{\"@type\":\"ImageObject\",\"inLanguage\":\"es\",\"@id\":\"https:\/\/freestomped.com\/#\/schema\/logo\/image\/\",\"url\":\"https:\/\/freestomped.com\/wp-content\/uploads\/2023\/06\/logo-vacio.png\",\"contentUrl\":\"https:\/\/freestomped.com\/wp-content\/uploads\/2023\/06\/logo-vacio.png\",\"width\":500,\"height\":500,\"caption\":\"freestomped\"},\"image\":{\"@id\":\"https:\/\/freestomped.com\/#\/schema\/logo\/image\/\"},\"sameAs\":[\"https:\/\/www.instagram.com\/freestomped\/\",\"https:\/\/www.youtube.com\/@freestomped\"]}]}<\/script>\n<!-- \/ Yoast SEO plugin. -->","yoast_head_json":{"title":"Ski - freestomped.com","robots":{"index":"index","follow":"follow","max-snippet":"max-snippet:-1","max-image-preview":"max-image-preview:large","max-video-preview":"max-video-preview:-1"},"canonical":"https:\/\/freestomped.com\/index.php\/clases-ski\/","og_locale":"es_ES","og_type":"article","og_title":"Ski - freestomped.com","og_url":"https:\/\/freestomped.com\/index.php\/clases-ski\/","og_site_name":"freestomped.com","article_modified_time":"2024-12-21T17:16:32+00:00","twitter_card":"summary_large_image","twitter_misc":{"Tiempo de lectura":"2 minutos"},"schema":{"@context":"https:\/\/schema.org","@graph":[{"@type":"WebPage","@id":"https:\/\/freestomped.com\/index.php\/clases-ski\/","url":"https:\/\/freestomped.com\/index.php\/clases-ski\/","name":"Ski - freestomped.com","isPartOf":{"@id":"https:\/\/freestomped.com\/#website"},"datePublished":"2024-12-21T16:08:34+00:00","dateModified":"2024-12-21T17:16:32+00:00","breadcrumb":{"@id":"https:\/\/freestomped.com\/index.php\/clases-ski\/#breadcrumb"},"inLanguage":"es","potentialAction":[{"@type":"ReadAction","target":["https:\/\/freestomped.com\/index.php\/clases-ski\/"]}]},{"@type":"BreadcrumbList","@id":"https:\/\/freestomped.com\/index.php\/clases-ski\/#breadcrumb","itemListElement":[{"@type":"ListItem","position":1,"name":"Portada","item":"https:\/\/freestomped.com\/"},{"@type":"ListItem","position":2,"name":"Ski"}]},{"@type":"WebSite","@id":"https:\/\/freestomped.com\/#website","url":"https:\/\/freestomped.com\/","name":"Freestomped - Clases de Esqu\u00ed, Snowboard Baqueira, Valle de Aran, Barcelona, Pirineos","description":"FREESTOMPED RIDE OR DIE","publisher":{"@id":"https:\/\/freestomped.com\/#organization"},"potentialAction":[{"@type":"SearchAction","target":{"@type":"EntryPoint","urlTemplate":"https:\/\/freestomped.com\/?s={search_term_string}"},"query-input":{"@type":"PropertyValueSpecification","valueRequired":true,"valueName":"search_term_string"}}],"inLanguage":"es"},{"@type":"Organization","@id":"https:\/\/freestomped.com\/#organization","name":"freestomped","url":"https:\/\/freestomped.com\/","logo":{"@type":"ImageObject","inLanguage":"es","@id":"https:\/\/freestomped.com\/#\/schema\/logo\/image\/","url":"https:\/\/freestomped.com\/wp-content\/uploads\/2023\/06\/logo-vacio.png","contentUrl":"https:\/\/freestomped.com\/wp-content\/uploads\/2023\/06\/logo-vacio.png","width":500,"height":500,"caption":"freestomped"},"image":{"@id":"https:\/\/freestomped.com\/#\/schema\/logo\/image\/"},"sameAs":["https:\/\/www.instagram.com\/freestomped\/","https:\/\/www.youtube.com\/@freestomped"]}]}},"jetpack_sharing_enabled":true,"_links":{"self":[{"href":"https:\/\/freestomped.com\/index.php\/wp-json\/wp\/v2\/pages\/873","targetHints":{"allow":["GET"]}}],"collection":[{"href":"https:\/\/freestomped.com\/index.php\/wp-json\/wp\/v2\/pages"}],"about":[{"href":"https:\/\/freestomped.com\/index.php\/wp-json\/wp\/v2\/types\/page"}],"author":[{"embeddable":true,"href":"https:\/\/freestomped.com\/index.php\/wp-json\/wp\/v2\/users\/1"}],"replies":[{"embeddable":true,"href":"https:\/\/freestomped.com\/index.php\/wp-json\/wp\/v2\/comments?post=873"}],"version-history":[{"count":8,"href":"https:\/\/freestomped.com\/index.php\/wp-json\/wp\/v2\/pages\/873\/revisions"}],"predecessor-version":[{"id":921,"href":"https:\/\/freestomped.com\/index.php\/wp-json\/wp\/v2\/pages\/873\/revisions\/921"}],"wp:attachment":[{"href":"https:\/\/freestomped.com\/index.php\/wp-json\/wp\/v2\/media?parent=873"}],"curies":[{"name":"wp","href":"https:\/\/api.w.org\/{rel}","templated":true}]}}