{"id":923,"date":"2024-12-21T18:16:57","date_gmt":"2024-12-21T17:16:57","guid":{"rendered":"https:\/\/freestomped.com\/?page_id=923"},"modified":"2024-12-21T18:40:10","modified_gmt":"2024-12-21T17:40:10","slug":"clases-freeride","status":"publish","type":"page","link":"https:\/\/freestomped.com\/index.php\/clases-freeride\/","title":{"rendered":"Freeride"},"content":{"rendered":"\t\t<div data-elementor-type=\"wp-page\" data-elementor-id=\"923\" class=\"elementor elementor-923\" data-elementor-post-type=\"page\">\n\t\t\t\t\t\t<section class=\"elementor-section elementor-top-section elementor-element elementor-element-3b2e536 elementor-section-boxed elementor-section-height-default elementor-section-height-default\" data-id=\"3b2e536\" data-element_type=\"section\" data-e-type=\"section\">\n\t\t\t\t\t\t<div class=\"elementor-container elementor-column-gap-default\">\n\t\t\t\t\t<div class=\"elementor-column elementor-col-100 elementor-top-column elementor-element elementor-element-58575b5\" data-id=\"58575b5\" data-element_type=\"column\" data-e-type=\"column\">\n\t\t\t<div class=\"elementor-widget-wrap elementor-element-populated\">\n\t\t\t\t\t\t<div class=\"elementor-element elementor-element-11536a6 elementor-widget elementor-widget-template\" data-id=\"11536a6\" data-element_type=\"widget\" data-e-type=\"widget\" data-widget_type=\"template.default\">\n\t\t\t\t<div class=\"elementor-widget-container\">\n\t\t\t\t\t\t\t<div class=\"elementor-template\">\n\t\t\t\t\t<div data-elementor-type=\"single-post\" data-elementor-id=\"904\" class=\"elementor elementor-904\" data-elementor-post-type=\"elementor_library\">\n\t\t\t\t\t<section class=\"elementor-section elementor-top-section elementor-element elementor-element-78361e5 elementor-section-content-middle elementor-section-boxed elementor-section-height-default elementor-section-height-default\" data-id=\"78361e5\" data-element_type=\"section\" data-e-type=\"section\">\n\t\t\t\t\t\t<div class=\"elementor-container elementor-column-gap-no\">\n\t\t\t\t\t<div class=\"elementor-column elementor-col-100 elementor-top-column elementor-element elementor-element-34950b25\" data-id=\"34950b25\" data-element_type=\"column\" data-e-type=\"column\">\n\t\t\t<div class=\"elementor-widget-wrap elementor-element-populated\">\n\t\t\t\t\t\t<div class=\"elementor-element elementor-element-12528ae4 elementor-widget elementor-widget-heading\" data-id=\"12528ae4\" data-element_type=\"widget\" data-e-type=\"widget\" data-widget_type=\"heading.default\">\n\t\t\t\t<div class=\"elementor-widget-container\">\n\t\t\t\t\t<h2 class=\"elementor-heading-title elementor-size-default\">Clases Freeride<\/h2>\t\t\t\t<\/div>\n\t\t\t\t<\/div>\n\t\t\t\t<div class=\"elementor-element elementor-element-255fed68 elementor-widget elementor-widget-image\" data-id=\"255fed68\" data-element_type=\"widget\" data-e-type=\"widget\" data-widget_type=\"image.default\">\n\t\t\t\t<div class=\"elementor-widget-container\">\n\t\t\t\t\t\t\t\t\t\t\t\t\t\t\t<img fetchpriority=\"high\" decoding=\"async\" width=\"500\" height=\"500\" src=\"https:\/\/freestomped.com\/wp-content\/uploads\/2024\/12\/foto-4.png\" class=\"attachment-full size-full wp-image-903\" alt=\"\" srcset=\"https:\/\/freestomped.com\/wp-content\/uploads\/2024\/12\/foto-4.png 500w, https:\/\/freestomped.com\/wp-content\/uploads\/2024\/12\/foto-4-300x300.png 300w, https:\/\/freestomped.com\/wp-content\/uploads\/2024\/12\/foto-4-150x150.png 150w, https:\/\/freestomped.com\/wp-content\/uploads\/2024\/12\/foto-4-100x100.png 100w\" sizes=\"(max-width: 500px) 100vw, 500px\" \/>\t\t\t\t\t\t\t\t\t\t\t\t\t\t\t<\/div>\n\t\t\t\t<\/div>\n\t\t\t\t<div class=\"elementor-element elementor-element-1ee3f1fa elementor-widget elementor-widget-text-editor\" data-id=\"1ee3f1fa\" data-element_type=\"widget\" data-e-type=\"widget\" data-widget_type=\"text-editor.default\">\n\t\t\t\t<div class=\"elementor-widget-container\">\n\t\t\t\t\t\t\t\t\t<p>El Freeride es la m\u00e1xima expresi\u00f3n de libertad en la monta\u00f1a, donde la creatividad y la t\u00e9cnica se combinan para descender por terrenos fuera de pista. Desaf\u00eda la nieve virgen, explora l\u00edneas \u00fanicas y siente la adrenalina de esquiar o hacer snowboard en total conexi\u00f3n con la naturaleza<\/p>\t\t\t\t\t\t\t\t<\/div>\n\t\t\t\t<\/div>\n\t\t\t\t<section class=\"elementor-section elementor-inner-section elementor-element elementor-element-4bb0dc0e elementor-section-boxed elementor-section-height-default elementor-section-height-default\" data-id=\"4bb0dc0e\" data-element_type=\"section\" data-e-type=\"section\">\n\t\t\t\t\t\t<div class=\"elementor-container elementor-column-gap-default\">\n\t\t\t\t\t<div class=\"elementor-column elementor-col-50 elementor-inner-column elementor-element elementor-element-57d0f1e6\" data-id=\"57d0f1e6\" data-element_type=\"column\" data-e-type=\"column\">\n\t\t\t<div class=\"elementor-widget-wrap elementor-element-populated\">\n\t\t\t\t\t\t<div class=\"elementor-element elementor-element-13b98bda elementor-widget elementor-widget-text-editor\" data-id=\"13b98bda\" data-element_type=\"widget\" data-e-type=\"widget\" data-widget_type=\"text-editor.default\">\n\t\t\t\t<div class=\"elementor-widget-container\">\n\t\t\t\t\t\t\t\t\t<p><span style=\"color: #7a7a7a; text-decoration-line: underline;\"><strong>-Clases iniciaci\u00f3n:<\/strong><\/span><br style=\"color: #7a7a7a;\" \/><span style=\"font-weight: 400;\">\u00bfNunca has hecho nieve polvo y te gustar\u00eda probarlo, pero no te atreves? Baqueira es el lugar y con una progresi\u00f3n \u00e9pica disfrutaras de nuevas sensaciones, te ense\u00f1aremos a leer la monta\u00f1a y sobre todo a que estes seguro en ella. <\/span><\/p>\t\t\t\t\t\t\t\t<\/div>\n\t\t\t\t<\/div>\n\t\t\t\t\t<\/div>\n\t\t<\/div>\n\t\t\t\t<div class=\"elementor-column elementor-col-50 elementor-inner-column elementor-element elementor-element-25c0fb11\" data-id=\"25c0fb11\" data-element_type=\"column\" data-e-type=\"column\">\n\t\t\t<div class=\"elementor-widget-wrap elementor-element-populated\">\n\t\t\t\t\t\t<div class=\"elementor-element elementor-element-444fea04 elementor-widget__width-initial elementor-widget elementor-widget-text-editor\" data-id=\"444fea04\" data-element_type=\"widget\" data-e-type=\"widget\" data-widget_type=\"text-editor.default\">\n\t\t\t\t<div class=\"elementor-widget-container\">\n\t\t\t\t\t\t\t\t\t<p><span style=\"color: #7a7a7a; text-decoration-line: underline;\"><strong>-Clases perfeccionamiento:<\/strong><\/span><br style=\"color: #7a7a7a;\" \/><span style=\"color: #7a7a7a; font-family: var( --e-global-typography-text-font-family ), Sans-serif; background-color: var(--nv-site-bg); letter-spacing: var(--bodyletterspacing); text-transform: var(--bodytexttransform);\">B<span style=\"font-weight: 400;\">uscaremos mejorar tu t\u00e9cnica para que puedas ir a todos aquellos lugares que siempre as so\u00f1ado, buscaremos sumergirnos en el mejor powder de baqueira beret.<\/span><\/span><\/p><p>\u00a0<\/p>\t\t\t\t\t\t\t\t<\/div>\n\t\t\t\t<\/div>\n\t\t\t\t\t<\/div>\n\t\t<\/div>\n\t\t\t\t\t<\/div>\n\t\t<\/section>\n\t\t\t\t<div class=\"elementor-element elementor-element-674bab06 elementor-widget elementor-widget-text-editor\" data-id=\"674bab06\" data-element_type=\"widget\" data-e-type=\"widget\" data-widget_type=\"text-editor.default\">\n\t\t\t\t<div class=\"elementor-widget-container\">\n\t\t\t\t\t\t\t\t\t<p><span style=\"font-size: 16px;\">Adem\u00e1s tambi\u00e9n ofrecemos talleres de video correcci\u00f3n para hacer las sesiones en pistas mucho m\u00e1s efectivas, podr\u00e1s verte y descubrir que tan bien lo haces y marcaremos nuevos objetivos para evolucionar.<\/span><\/p>\t\t\t\t\t\t\t\t<\/div>\n\t\t\t\t<\/div>\n\t\t\t\t<div class=\"elementor-element elementor-element-5ddbf563 elementor-cta--skin-cover elementor-animated-content elementor-bg-transform elementor-bg-transform-zoom-in elementor-widget elementor-widget-call-to-action\" data-id=\"5ddbf563\" data-element_type=\"widget\" data-e-type=\"widget\" data-widget_type=\"call-to-action.default\">\n\t\t\t\t<div class=\"elementor-widget-container\">\n\t\t\t\t\t\t\t<div class=\"elementor-cta\">\n\t\t\t\t\t<div class=\"elementor-cta__bg-wrapper\">\n\t\t\t\t<div class=\"elementor-cta__bg elementor-bg\" style=\"background-image: url(https:\/\/freestomped.com\/wp-content\/uploads\/2024\/12\/ENTRE-LAS-0900-Y-LAS-1700.png);\" role=\"img\" aria-label=\"ENTRE LAS 0900 Y LAS 1700\"><\/div>\n\t\t\t\t<div class=\"elementor-cta__bg-overlay\"><\/div>\n\t\t\t<\/div>\n\t\t\t\t\t\t\t<div class=\"elementor-cta__content\">\n\t\t\t\t\n\t\t\t\t\t\t\t\t\t<h2 class=\"elementor-cta__title elementor-cta__content-item elementor-content-item elementor-animated-item--grow\">\n\t\t\t\t\t\tReserva tu clase aqui\t\t\t\t\t<\/h2>\n\t\t\t\t\n\t\t\t\t\n\t\t\t\t\t\t\t\t\t<div class=\"elementor-cta__button-wrapper elementor-cta__content-item elementor-content-item elementor-animated-item--grow\">\n\t\t\t\t\t<a class=\"elementor-cta__button elementor-button elementor-size-\" href=\"https:\/\/freestomped.com\/index.php\/reserva-tu-clase\/\">\n\t\t\t\t\t\tHaz clic aqu\u00ed\t\t\t\t\t<\/a>\n\t\t\t\t\t<\/div>\n\t\t\t\t\t\t\t<\/div>\n\t\t\t\t\t\t<\/div>\n\t\t\t\t\t\t<\/div>\n\t\t\t\t<\/div>\n\t\t\t\t\t<\/div>\n\t\t<\/div>\n\t\t\t\t\t<\/div>\n\t\t<\/section>\n\t\t\t\t<\/div>\n\t\t\t\t<\/div>\n\t\t\t\t\t\t<\/div>\n\t\t\t\t<\/div>\n\t\t\t\t\t<\/div>\n\t\t<\/div>\n\t\t\t\t\t<\/div>\n\t\t<\/section>\n\t\t\t\t<\/div>\n\t\t","protected":false},"excerpt":{"rendered":"","protected":false},"author":1,"featured_media":0,"parent":0,"menu_order":0,"comment_status":"closed","ping_status":"closed","template":"elementor_header_footer","meta":{"neve_meta_sidebar":"","neve_meta_container":"","neve_meta_enable_content_width":"","neve_meta_content_width":0,"neve_meta_title_alignment":"","neve_meta_author_avatar":"","neve_post_elements_order":"","neve_meta_disable_header":"","neve_meta_disable_footer":"","neve_meta_disable_title":"","_joinchat":[],"footnotes":""},"class_list":["post-923","page","type-page","status-publish","hentry"],"yoast_head":"<!-- This site is optimized with the Yoast SEO plugin v26.8 - https:\/\/yoast.com\/product\/yoast-seo-wordpress\/ -->\n<title>Freeride - freestomped.com<\/title>\n<meta name=\"robots\" content=\"index, follow, max-snippet:-1, max-image-preview:large, max-video-preview:-1\" \/>\n<link rel=\"canonical\" href=\"https:\/\/freestomped.com\/index.php\/clases-freeride\/\" \/>\n<meta property=\"og:locale\" content=\"es_ES\" \/>\n<meta property=\"og:type\" content=\"article\" \/>\n<meta property=\"og:title\" content=\"Freeride - freestomped.com\" \/>\n<meta property=\"og:url\" content=\"https:\/\/freestomped.com\/index.php\/clases-freeride\/\" \/>\n<meta property=\"og:site_name\" content=\"freestomped.com\" \/>\n<meta property=\"article:modified_time\" content=\"2024-12-21T17:40:10+00:00\" \/>\n<meta name=\"twitter:card\" content=\"summary_large_image\" \/>\n<meta name=\"twitter:label1\" content=\"Tiempo de lectura\" \/>\n\t<meta name=\"twitter:data1\" content=\"2 minutos\" \/>\n<script type=\"application\/ld+json\" class=\"yoast-schema-graph\">{\"@context\":\"https:\/\/schema.org\",\"@graph\":[{\"@type\":\"WebPage\",\"@id\":\"https:\/\/freestomped.com\/index.php\/clases-freeride\/\",\"url\":\"https:\/\/freestomped.com\/index.php\/clases-freeride\/\",\"name\":\"Freeride - freestomped.com\",\"isPartOf\":{\"@id\":\"https:\/\/freestomped.com\/#website\"},\"datePublished\":\"2024-12-21T17:16:57+00:00\",\"dateModified\":\"2024-12-21T17:40:10+00:00\",\"breadcrumb\":{\"@id\":\"https:\/\/freestomped.com\/index.php\/clases-freeride\/#breadcrumb\"},\"inLanguage\":\"es\",\"potentialAction\":[{\"@type\":\"ReadAction\",\"target\":[\"https:\/\/freestomped.com\/index.php\/clases-freeride\/\"]}]},{\"@type\":\"BreadcrumbList\",\"@id\":\"https:\/\/freestomped.com\/index.php\/clases-freeride\/#breadcrumb\",\"itemListElement\":[{\"@type\":\"ListItem\",\"position\":1,\"name\":\"Portada\",\"item\":\"https:\/\/freestomped.com\/\"},{\"@type\":\"ListItem\",\"position\":2,\"name\":\"Freeride\"}]},{\"@type\":\"WebSite\",\"@id\":\"https:\/\/freestomped.com\/#website\",\"url\":\"https:\/\/freestomped.com\/\",\"name\":\"Freestomped - Clases de Esqu\u00ed, Snowboard Baqueira, Valle de Aran, Barcelona, Pirineos\",\"description\":\"FREESTOMPED RIDE OR DIE\",\"publisher\":{\"@id\":\"https:\/\/freestomped.com\/#organization\"},\"potentialAction\":[{\"@type\":\"SearchAction\",\"target\":{\"@type\":\"EntryPoint\",\"urlTemplate\":\"https:\/\/freestomped.com\/?s={search_term_string}\"},\"query-input\":{\"@type\":\"PropertyValueSpecification\",\"valueRequired\":true,\"valueName\":\"search_term_string\"}}],\"inLanguage\":\"es\"},{\"@type\":\"Organization\",\"@id\":\"https:\/\/freestomped.com\/#organization\",\"name\":\"freestomped\",\"url\":\"https:\/\/freestomped.com\/\",\"logo\":{\"@type\":\"ImageObject\",\"inLanguage\":\"es\",\"@id\":\"https:\/\/freestomped.com\/#\/schema\/logo\/image\/\",\"url\":\"https:\/\/freestomped.com\/wp-content\/uploads\/2023\/06\/logo-vacio.png\",\"contentUrl\":\"https:\/\/freestomped.com\/wp-content\/uploads\/2023\/06\/logo-vacio.png\",\"width\":500,\"height\":500,\"caption\":\"freestomped\"},\"image\":{\"@id\":\"https:\/\/freestomped.com\/#\/schema\/logo\/image\/\"},\"sameAs\":[\"https:\/\/www.instagram.com\/freestomped\/\",\"https:\/\/www.youtube.com\/@freestomped\"]}]}<\/script>\n<!-- \/ Yoast SEO plugin. -->","yoast_head_json":{"title":"Freeride - freestomped.com","robots":{"index":"index","follow":"follow","max-snippet":"max-snippet:-1","max-image-preview":"max-image-preview:large","max-video-preview":"max-video-preview:-1"},"canonical":"https:\/\/freestomped.com\/index.php\/clases-freeride\/","og_locale":"es_ES","og_type":"article","og_title":"Freeride - freestomped.com","og_url":"https:\/\/freestomped.com\/index.php\/clases-freeride\/","og_site_name":"freestomped.com","article_modified_time":"2024-12-21T17:40:10+00:00","twitter_card":"summary_large_image","twitter_misc":{"Tiempo de lectura":"2 minutos"},"schema":{"@context":"https:\/\/schema.org","@graph":[{"@type":"WebPage","@id":"https:\/\/freestomped.com\/index.php\/clases-freeride\/","url":"https:\/\/freestomped.com\/index.php\/clases-freeride\/","name":"Freeride - freestomped.com","isPartOf":{"@id":"https:\/\/freestomped.com\/#website"},"datePublished":"2024-12-21T17:16:57+00:00","dateModified":"2024-12-21T17:40:10+00:00","breadcrumb":{"@id":"https:\/\/freestomped.com\/index.php\/clases-freeride\/#breadcrumb"},"inLanguage":"es","potentialAction":[{"@type":"ReadAction","target":["https:\/\/freestomped.com\/index.php\/clases-freeride\/"]}]},{"@type":"BreadcrumbList","@id":"https:\/\/freestomped.com\/index.php\/clases-freeride\/#breadcrumb","itemListElement":[{"@type":"ListItem","position":1,"name":"Portada","item":"https:\/\/freestomped.com\/"},{"@type":"ListItem","position":2,"name":"Freeride"}]},{"@type":"WebSite","@id":"https:\/\/freestomped.com\/#website","url":"https:\/\/freestomped.com\/","name":"Freestomped - Clases de Esqu\u00ed, Snowboard Baqueira, Valle de Aran, Barcelona, Pirineos","description":"FREESTOMPED RIDE OR DIE","publisher":{"@id":"https:\/\/freestomped.com\/#organization"},"potentialAction":[{"@type":"SearchAction","target":{"@type":"EntryPoint","urlTemplate":"https:\/\/freestomped.com\/?s={search_term_string}"},"query-input":{"@type":"PropertyValueSpecification","valueRequired":true,"valueName":"search_term_string"}}],"inLanguage":"es"},{"@type":"Organization","@id":"https:\/\/freestomped.com\/#organization","name":"freestomped","url":"https:\/\/freestomped.com\/","logo":{"@type":"ImageObject","inLanguage":"es","@id":"https:\/\/freestomped.com\/#\/schema\/logo\/image\/","url":"https:\/\/freestomped.com\/wp-content\/uploads\/2023\/06\/logo-vacio.png","contentUrl":"https:\/\/freestomped.com\/wp-content\/uploads\/2023\/06\/logo-vacio.png","width":500,"height":500,"caption":"freestomped"},"image":{"@id":"https:\/\/freestomped.com\/#\/schema\/logo\/image\/"},"sameAs":["https:\/\/www.instagram.com\/freestomped\/","https:\/\/www.youtube.com\/@freestomped"]}]}},"jetpack_sharing_enabled":true,"_links":{"self":[{"href":"https:\/\/freestomped.com\/index.php\/wp-json\/wp\/v2\/pages\/923","targetHints":{"allow":["GET"]}}],"collection":[{"href":"https:\/\/freestomped.com\/index.php\/wp-json\/wp\/v2\/pages"}],"about":[{"href":"https:\/\/freestomped.com\/index.php\/wp-json\/wp\/v2\/types\/page"}],"author":[{"embeddable":true,"href":"https:\/\/freestomped.com\/index.php\/wp-json\/wp\/v2\/users\/1"}],"replies":[{"embeddable":true,"href":"https:\/\/freestomped.com\/index.php\/wp-json\/wp\/v2\/comments?post=923"}],"version-history":[{"count":8,"href":"https:\/\/freestomped.com\/index.php\/wp-json\/wp\/v2\/pages\/923\/revisions"}],"predecessor-version":[{"id":942,"href":"https:\/\/freestomped.com\/index.php\/wp-json\/wp\/v2\/pages\/923\/revisions\/942"}],"wp:attachment":[{"href":"https:\/\/freestomped.com\/index.php\/wp-json\/wp\/v2\/media?parent=923"}],"curies":[{"name":"wp","href":"https:\/\/api.w.org\/{rel}","templated":true}]}}